{"id":578,"date":"2018-04-24T20:35:15","date_gmt":"2018-04-24T18:35:15","guid":{"rendered":"http:\/\/localhost:8080\/wordpress_4e\/?page_id=28"},"modified":"2019-12-25T19:25:52","modified_gmt":"2019-12-25T18:25:52","slug":"ueber-mich","status":"publish","type":"page","link":"https:\/\/fourelements.at\/fourelements\/ueber-mich\/","title":{"rendered":"About Us"},"content":{"rendered":"<p class=\"description\">Wir sind eine gemeinn\u00fctziger Verein, der sich f\u00fcr den Hip Hop gro\u00df macht! Breakin, Emceein (MCin&#8216;), Deejayin&#8216;, Graffiti Art, das und vieles mehr wird in Form von Workshops und Events praktiziert, gezeigt, gelehrt und vor allem gelebt! Sei offen und du findest garantiert deinen Reiz, kannst ihm nachgehen, F\u00e4higkeiten erkennen, entwickeln und entfalten. Im Zentrum der Bewegung stehen m\u00e4chtig viel Spa\u00df, gro\u00dfe Liebe, und die Community, mit allem was die Kultur zu bieten hat, unvergessliche Erlebnisse zu schaffen. Also sei dabei! Tausch dich aus! Tob dich aus!!<\/p>\n","protected":false},"excerpt":{"rendered":"<p>Wir sind eine gemeinn\u00fctziger Verein, der sich f\u00fcr den Hip Hop gro\u00df macht! Breakin, Emceein (MCin&#8216;), Deejayin&#8216;, Graffiti Art, das und vieles mehr wird in Form von Workshops und Events praktiziert, gezeigt, gelehrt und vor allem gelebt! Sei offen und du findest garantiert deinen Reiz, kannst ihm nachgehen, F\u00e4higkeiten erkennen, [&hellip;]<\/p>\n","protected":false},"author":1,"featured_media":642,"parent":0,"menu_order":0,"comment_status":"closed","ping_status":"closed","template":"","meta":{"footnotes":""},"class_list":["post-578","page","type-page","status-publish","has-post-thumbnail","hentry"],"_links":{"self":[{"href":"https:\/\/fourelements.at\/fourelements\/wp-json\/wp\/v2\/pages\/578","targetHints":{"allow":["GET"]}}],"collection":[{"href":"https:\/\/fourelements.at\/fourelements\/wp-json\/wp\/v2\/pages"}],"about":[{"href":"https:\/\/fourelements.at\/fourelements\/wp-json\/wp\/v2\/types\/page"}],"author":[{"embeddable":true,"href":"https:\/\/fourelements.at\/fourelements\/wp-json\/wp\/v2\/users\/1"}],"replies":[{"embeddable":true,"href":"https:\/\/fourelements.at\/fourelements\/wp-json\/wp\/v2\/comments?post=578"}],"version-history":[{"count":1,"href":"https:\/\/fourelements.at\/fourelements\/wp-json\/wp\/v2\/pages\/578\/revisions"}],"predecessor-version":[{"id":643,"href":"https:\/\/fourelements.at\/fourelements\/wp-json\/wp\/v2\/pages\/578\/revisions\/643"}],"wp:featuredmedia":[{"embeddable":true,"href":"https:\/\/fourelements.at\/fourelements\/wp-json\/wp\/v2\/media\/642"}],"wp:attachment":[{"href":"https:\/\/fourelements.at\/fourelements\/wp-json\/wp\/v2\/media?parent=578"}],"curies":[{"name":"wp","href":"https:\/\/api.w.org\/{rel}","templated":true}]}}